{"id":1467,"date":"2023-01-05T15:10:27","date_gmt":"2023-01-05T15:10:27","guid":{"rendered":"https:\/\/medjunarodnapolitika.rs\/instructions-to-authors\/"},"modified":"2026-05-12T21:03:44","modified_gmt":"2026-05-12T21:03:44","slug":"instructions-to-authors","status":"publish","type":"page","link":"https:\/\/medjunarodnapolitika.rs\/en\/instructions-to-authors\/","title":{"rendered":"Instructions to authors"},"content":{"rendered":"\n<h2 class=\"wp-block-heading has-text-align-center\">Instructions to authors<\/h2>\n\n\n\n<p class=\"im_para has-medium-font-size\"><strong>Me\u0111unarodna politika <\/strong>is a quarterly journal published in April, September, and December each year. Submission deadlines are: For the first issue \u2013 February 15, for the second issue \u2013 May 15, for the third issue \u2013 August 15. The journal publishes articles in Serbian and English. The journal accepts peer-reviewed original research articles, review articles, and book reviews in the fields of international relations, foreign policy, international public law, and international economics.<\/p>\n\n\n\n<p class=\"im_para has-medium-font-size\">Original Research Article: Should present research results with a clear contribution to the expansion or deepening of existing knowledge. It must include: research context and aim; clear explanation of the theoretical background (literature review); hypothesis or research question; applied methods; presentation and explanation of results; and a conclusion outlining main findings and answering the hypothesis or research question.<\/p>\n\n\n\n<p class=\"im_para has-medium-font-size\">Review Article: Offers a comprehensive summary of research on a specific topic or current state of the field, outlining areas of agreement and ongoing debates. It identifies knowledge gaps and key unanswered research questions and proposes future research directions.<\/p>\n\n\n\n<p class=\"im_para has-medium-font-size\">Book Review: Provides a systematic description and\/or critical analysis of the quality and importance of a book, edited volume, or textbook. It should include: a general description of the topic\/problem, summary of the book\u2019s main argument, author background, content overview, strengths and weaknesses, and the reviewer&#8217;s opinion.<\/p>\n\n\n\n<h3 class=\"wp-block-heading im_para has-medium-font-size\">I &#8211; Article Formatting Guidelines<\/h3>\n\n\n\n<ol class=\"wp-block-list im_para has-medium-font-size\">\n<li>Articles must be between 5,000 and 8,000 words.<\/li>\n\n\n\n<li>Write in Word, using Latin script, Times New Roman, size 12, page numbers bottom right.<\/li>\n\n\n\n<li>Use Justified alignment, Spacing After: 6pt, Line spacing: Single.<\/li>\n\n\n\n<li>Abstract: Must present the research question, key hypotheses, context, and conclusions. Max 200 words, followed by up to 10 keywords.<\/li>\n\n\n\n<li>Italicize Latin, Ancient Greek, and other non-English expressions (e.g., <em>status quo<\/em>, <em>a priori<\/em>, <em>de facto<\/em>, <em>acquis communautaire<\/em>).<\/li>\n\n\n\n<li>Use full names, not initials. Foreign names should be transcribed into Serbian, with the original in brackets at first mention.<\/li>\n\n\n\n<li>Sources should be cited using the format: \u201cauthor year, page,\u201d based on the <em>Chicago Manual of Style<\/em>, 18th edition, and adapted to the needs of the journal (web link: https:\/\/www.chicagomanualofstyle.org\/tools_citationguide\/citation-guide-2.html).<\/li>\n<\/ol>\n\n\n\n<p class=\"im_para has-medium-font-size\">Sources used should be cited within the text, at the end of the sentence before the period, and should include the following elements: author&#8217;s name, year of publication, and page number. When the author&#8217;s name is mentioned in the sentence, it does not need to be repeated at the end of the sentence, but the year and page number must still be included.<\/p>\n\n\n\n<p class=\"im_para has-medium-font-size\">Examples:<\/p>\n\n\n\n<p class=\"im_para has-medium-font-size\">(Jankovi\u0107 and Lazi\u0107 2021, 355).<\/p>\n\n\n\n<p class=\"im_para has-medium-font-size\">(Jelisavac-Tro\u0161i\u0107 2015, 41).<\/p>\n\n\n\n<p class=\"im_para has-medium-font-size\">Kuik points out that these questions suggest that small states can resist the power of large states and use and adapt it for their purposes (2010, 3).<\/p>\n\n\n\n<p class=\"im_para has-medium-font-size\">Multiple sources: separate with semicolon.<\/p>\n\n\n\n<p class=\"im_para has-medium-font-size\">(G\u00f6rg\u00fcl\u00fc 2012, 283-284; Babayev and Spanger 2020, 293).<\/p>\n\n\n\n<p class=\"im_para has-medium-font-size\">Multiple works by the same author.<\/p>\n\n\n\n<p class=\"im_para has-medium-font-size\">(\u0110ukanovi\u0107 2019, 2024) (Hermann 1999a, 1999b).<\/p>\n\n\n\n<p class=\"im_para has-medium-font-size\">For repeated reference: use Ibid., or Ibidem.<\/p>\n\n\n\n<p class=\"im_para has-medium-font-size\">Example:<\/p>\n\n\n\n<p class=\"im_para has-medium-font-size\">(Ibid., 55).<\/p>\n\n\n\n<h5 class=\"wp-block-heading im_para has-medium-font-size\">Bibliography Examples:<\/h5>\n\n\n\n<h5 class=\"wp-block-heading im_para has-medium-font-size\">Books\/Monographs:<\/h5>\n\n\n\n<p class=\"im_para has-medium-font-size\">Last name, First name. Year. <em>Title<\/em>. Publisher.<\/p>\n\n\n\n<p class=\"im_para has-medium-font-size\">Examples:<\/p>\n\n\n\n<p class=\"im_para has-medium-font-size\">Rakipi, Albert. 2022. <em>Albanian Foreign Policy: The Perils of Change<\/em>. AIIS.<\/p>\n\n\n\n<p class=\"im_para has-medium-font-size\">\u0110ukanovi\u0107, Dragan. 2020. <em>Balkan na posthladnoratovskom raskr\u0161\u0107u<\/em>. Institut za me\u0111unarodnu politiku i privredu.<\/p>\n\n\n\n<p class=\"im_para has-medium-font-size\">Hudson, Valerie M., and Benjamin S. Day. 2020. <em>Foreign Policy Analysis Classic and Contemporary Theory<\/em>. Rowman &amp; Littlefield.<\/p>\n\n\n\n<h5 class=\"wp-block-heading im_para has-medium-font-size\">In text reference<\/h5>\n\n\n\n<p class=\"im_para has-medium-font-size\">(Rakipi 81, 2022).<br>(\u0110ukanovi\u0107 115, 2020).<br>(Hudson and Day 7, 2020).<\/p>\n\n\n\n<h5 class=\"wp-block-heading im_para has-medium-font-size\">Chapter in an Edited Volume<\/h5>\n\n\n\n<p class=\"im_para has-medium-font-size\">Last name, First name. Year of publication. \u201cTitle of the chapter\u201d. In: <em>Title of the edited volume<\/em>, first and last name of the editor(s) with abbreviations (ed\/s.). Publisher. Page range. DOI number.<\/p>\n\n\n\n<p class=\"im_para has-medium-font-size\">If the chapter is in Serbian:<\/p>\n\n\n\n<p class=\"im_para has-medium-font-size\">Last name, First name. Year of publication. \u201eTitle of the chapter\u201c. U: <em>Title of the edited volume<\/em>, first and last name of the editor(s) with abbreviations (ur.\/urs). Publisher. Page range. DOI number.<\/p>\n\n\n\n<p class=\"im_para has-medium-font-size\">Examples:<\/p>\n\n\n\n<p class=\"im_para has-medium-font-size\">Frontini, Andrea and Davide Denti. 2020. \u201cItaly and EU enlargement to the Western Balkans: the Europeanization of national interests?\u201d. In: <em>The National Politics of EU Enlargement in the Western Balkans<\/em>, James Ker-Lindsay, Ioannis Armakolas, Rosa Balfour and Corina Stratulat (eds.). Routledge. 59\u201377. https:\/\/doi.org\/10.4324\/9781003002253.<\/p>\n\n\n\n<p class=\"im_para has-medium-font-size\">\u0422\u0440\u0430\u043f\u0430\u0440\u0430, \u0412\u043b\u0430\u0434\u0438\u043c\u0438\u0440. 2023. \u201e\u041f\u043e\u043b\u0438\u0442\u0438\u043a\u0430 \u0421\u0410\u0414 \u043f\u0440\u0435\u043c\u0430 \u0440\u0443\u0441\u043a\u043e-\u0443\u043a\u0440\u0430\u0458\u0438\u043d\u0441\u043a\u043e\u043c \u0441\u0443\u043a\u043e\u0431\u0443: \u0438\u0437\u043c\u0435\u0452\u0443 \u0433\u0435\u043e\u043f\u043e\u043b\u0438\u0442\u0438\u043a\u0435 \u0438 \u0438\u0434\u0435\u043e\u043b\u043e\u0433\u0438\u0458\u0435\u201d. \u0423: <em>\u0420\u0430\u0442 \u0443 \u0423\u043a\u0440\u0430\u0458\u0438\u043d\u0438: \u043e\u043d\u043e \u0448\u0442\u043e \u0437\u043d\u0430\u043c\u043e \u0438 \u043e\u043d\u043e \u0448\u0442\u043e \u043d\u0435 \u0437\u043d\u0430\u043c\u043e<\/em>, \u041d\u0435\u0431\u043e\u0458\u0448\u0430 \u0412\u0443\u043a\u043e\u0432\u0438\u045b \u0438 \u041c\u0438\u0445\u0430\u0458\u043b\u043e \u041a\u043e\u043f\u0430\u045a\u0430 (\u0443\u0440\u0441.). \u0418\u043d\u0441\u0442\u0438\u0442\u0443\u0442 \u0437\u0430 \u043c\u0435\u0452\u0443\u043d\u0430\u0440\u043e\u0434\u043d\u0443 \u043f\u043e\u043b\u0438\u0442\u0438\u043a\u0443 \u0438 \u043f\u0440\u0438\u0432\u0440\u0435\u0434\u0443 \u0438 \u0424\u0430\u043a\u0443\u043b\u0442\u0435\u0442 \u0431\u0435\u0437\u0431\u0435\u0434\u043d\u043e\u0441\u0442\u0438 \u0423\u043d\u0438\u0432\u0435\u0440\u0437\u0438\u0442\u0435\u0442\u0430 \u0443 \u0411\u0435\u043e\u0433\u0440\u0430\u0434\u0443. 53\u201367. https:\/\/doi.org\/10.18485\/iipe_rat_ukrajina.2023.<\/p>\n\n\n\n<h5 class=\"wp-block-heading im_para has-medium-font-size\">In text reference<\/h5>\n\n\n\n<p class=\"im_para has-medium-font-size\">(Frontini and Denti 2020, 63).<br>(\u0422\u0440\u0430\u043f\u0430\u0440\u0430 2023, 57).<\/p>\n\n\n\n<h5 class=\"wp-block-heading im_para has-medium-font-size\">Journal Articles:<\/h5>\n\n\n\n<p class=\"im_para has-medium-font-size\">Last name, First name. Year of publication. \u201cTitle of the article\u201d. <em>Journal Name<\/em> volume (issue): page numbers. DOI number.<\/p>\n\n\n\n<p class=\"im_para has-medium-font-size\">If the article is in Serbian:<\/p>\n\n\n\n<p class=\"im_para has-medium-font-size\">Last name, First name. Year of publication. \u201eTitle of the article\u201c. <em>Journal Name<\/em> volume (issue): page numbers. DOI number.<\/p>\n\n\n\n<p class=\"im_para has-medium-font-size\">Examples:<\/p>\n\n\n\n<p class=\"im_para has-medium-font-size\">Jovi\u0107-Lazi\u0107, Ana. 2022. \u201cThe role of Turkey in the second Armenian-Azerbaijani armed conflict over Nagorno-Karabakh as a reflection of continuity and change in its foreign policy\u201d. <em>Me\u0111unarodni problemi<\/em> 74 (1): 29\u201349. https:\/\/doi.org\/10.2298\/MEDJP2201029J.<\/p>\n\n\n\n<p class=\"im_para has-medium-font-size\">Krsti\u0107, Milan. 2021. \u201eMe\u0111usobna izvinjenja Srbije i Hrvatske: uzroci i efekti izvinjenja i razlozi njihovog ograni\u010denog uticaja\u201c. <em>Tragovi: \u010casopis za srpske i hrvatske teme<\/em> 4 (2): 146\u2013173. https:\/\/doi.org\/10.52328\/t.4.2.5.<\/p>\n\n\n\n<p class=\"im_para has-medium-font-size\">Bailes, Alyson J. K., Bradley A. Thayer and Baldur Thorhallsson. 2016. \u201cAlliance theory and alliance \u2018Shelter\u2019: the complexities of small state alliance behaviour\u201d. <em>Third World Thematics: A TWQ Journal<\/em> 1 (1): 9\u201326. https:\/\/doi.org\/10.1080\/23802014.2016.1189806.<\/p>\n\n\n\n<h5 class=\"wp-block-heading im_para has-medium-font-size\">In text reference<\/h5>\n\n\n\n<p class=\"im_para has-medium-font-size\">(Jovi\u0107-Lazi\u0107 2022, 35).<br>(Krsti\u0107 2021, 150).<br>(Alyson, Thayer and Thorhallsson 2016, 13).<\/p>\n\n\n\n<h5 class=\"wp-block-heading im_para has-medium-font-size\">Newspaper Articles:<\/h5>\n\n\n\n<p class=\"im_para has-medium-font-size\">Last name, First name. Year. \u201cTitle\u201d <em>Newspaper Name<\/em>, date. URL.<\/p>\n\n\n\n<p class=\"im_para has-medium-font-size\">If the article is in Serbian:<\/p>\n\n\n\n<p class=\"im_para has-medium-font-size\">Last name, First name. Year. \u201eTitle\u201c <em>Newspaper Name<\/em>, date. URL.<\/p>\n\n\n\n<p class=\"im_para has-medium-font-size\">Examples:<\/p>\n\n\n\n<p class=\"im_para has-medium-font-size\">Gall, Carlotta. 2022. \u201cTurkey Offers to Evacuate Mariupol Fighters Despite Disagreements\u201d <em>The New York Times<\/em>, &nbsp;14 May. https:\/\/www.nytimes.com\/2022\/05\/14\/world\/europe\/azovstal-evacuation-turkey.html.<\/p>\n\n\n\n<p class=\"im_para has-medium-font-size\">Vasiljevi\u0107, Branka. 2019. \u201eSrpski spasioci rukama otkopavali ru\u0161evine\u201d <em>Politika<\/em>, 02. decembar. https:\/\/www.politika.rs\/sr\/clanak\/443204\/Srpski-spasioci-rukama-otkopavali-rusevine.<\/p>\n\n\n\n<h5 class=\"wp-block-heading im_para has-medium-font-size\">In text reference<\/h5>\n\n\n\n<p class=\"im_para has-medium-font-size\">(Gall 2022).<br>(Vasiljevi\u0107 2019).<\/p>\n\n\n\n<h5 class=\"wp-block-heading im_para has-medium-font-size\">Book Reviews:<\/h5>\n\n\n\n<p class=\"im_para has-medium-font-size\">Last name, First name. Year. <em>Title of Review<\/em>, author\u2019s name. <em>Journal Name <\/em>volume (issue).<\/p>\n\n\n\n<p class=\"im_para has-medium-font-size\">Examples:<\/p>\n\n\n\n<p class=\"im_para has-medium-font-size\">Zierler, Matthew C., 2023. <em>The success of small states in international relations: mice that roar<\/em>, Godfrey Baldacchino. <em>Small States &amp; Territories<\/em> 6 (2).<\/p>\n\n\n\n<p class=\"im_para has-medium-font-size\">Gaji\u0107, Draga. 2024. <em>The Future of Foreign Policy is Feminist<\/em>, Kristina Lunz. <em>Me\u0111unarodni problemi<\/em> 76 (4).<\/p>\n\n\n\n<h5 class=\"wp-block-heading im_para has-medium-font-size\">In text reference<\/h5>\n\n\n\n<p class=\"im_para has-medium-font-size\">(Zierler 2023).<br>(Gaji\u0107 2024).<\/p>\n\n\n\n<h5 class=\"wp-block-heading im_para has-medium-font-size\">Documents\/Legal Acts:<\/h5>\n\n\n\n<p class=\"im_para has-medium-font-size\">\u201cTitle\u201d. Year. <em>Journal or Publication name<\/em> volume (issue). Place of publication.<\/p>\n\n\n\n<p class=\"im_para has-medium-font-size\">Example:<\/p>\n\n\n\n<p class=\"im_para has-medium-font-size\">\u201cStatut Autonomne Pokrajine Vojvodine\u201d. 1991. <em>Slu\u017ebeni list APV<\/em>, 17(91). Novi Sad.<\/p>\n\n\n\n<h5 class=\"wp-block-heading im_para has-medium-font-size\">In text reference<\/h5>\n\n\n\n<p class=\"im_para has-medium-font-size\">(Statut Autonomne Pokrajine Vojvodine 1991).<\/p>\n\n\n\n<h5 class=\"wp-block-heading im_para has-medium-font-size\">Theses\/Dissertations:<\/h5>\n\n\n\n<p class=\"im_para has-medium-font-size\">Last name, First name. Year. \u201cTitle\u201d. Academic rang., University.<\/p>\n\n\n\n<p class=\"im_para has-medium-font-size\">If the thesis is in Serbian:<\/p>\n\n\n\n<p class=\"im_para has-medium-font-size\">Last name, First name. Year. \u201eTitle\u201c. Academic rang., University.<\/p>\n\n\n\n<p class=\"im_para has-medium-font-size\">Examples:<\/p>\n\n\n\n<p class=\"im_para has-medium-font-size\">Pedi, Revecca. 2016. \u201cTheory of International Relations: Small States in the International System\u201d. PhD thesis., University of Macedonia.<\/p>\n\n\n\n<p class=\"im_para has-medium-font-size\">\u0414\u0430\u0448\u0438\u045b, \u041c\u0430\u0440\u043a\u043e. 2020. \u201c\u041c\u0435\u0452\u0443\u043d\u0430\u0440\u043e\u0434\u043d\u0438 \u043f\u043e\u043b\u0438\u0442\u0438\u0447\u043a\u0438 \u043f\u043e\u043b\u043e\u0436\u0430\u0458 \u043a\u0430\u043e \u043e\u0434\u0440\u0435\u0434\u043d\u0438\u0446\u0430 \u0441\u043f\u043e\u0459\u043d\u0435 \u043f\u043e\u043b\u0438\u0442\u0438\u043a\u0435 \u043c\u0430\u043b\u0438\u0445 \u0434\u0440\u0436\u0430\u0432\u0430: \u0441\u0442\u0443\u0434\u0438\u0458\u0430 \u0441\u043b\u0443\u0447\u0430\u0458\u0430 \u0420\u0435\u043f\u0443\u0431\u043b\u0438\u043a\u0435 \u0421\u0440\u0431\u0438\u0458\u0435 \u043e\u0434 2000. \u0434\u043e 2018. \u0433\u043e\u0434\u0438\u043d\u0435\u201d. \u0414\u043e\u043a\u0442\u043e\u0440\u0441\u043a\u0430 \u0434\u0438\u0441\u0435\u0440\u0442\u0430\u0446\u0438\u0458\u0430., \u0423\u043d\u0438\u0432\u0435\u0440\u0437\u0438\u0442\u0435\u0442 \u0443 \u0411\u0435\u043e\u0433\u0440\u0430\u0434\u0443.<\/p>\n\n\n\n<h5 class=\"wp-block-heading im_para has-medium-font-size\">In text reference<\/h5>\n\n\n\n<p class=\"im_para has-medium-font-size\">(Pedi 2016, 39).<br>(\u0414\u0430\u0448\u0438\u045b 2020, 58).<\/p>\n\n\n\n<h5 class=\"wp-block-heading im_para has-medium-font-size\">Internet Sources:<\/h5>\n\n\n\n<p class=\"im_para has-medium-font-size\">Last name, First name. Year. \u201cTitle\u201d. Publisher. Access date. URL.<\/p>\n\n\n\n<p class=\"im_para has-medium-font-size\">If the source is in Serbian:<\/p>\n\n\n\n<p class=\"im_para has-medium-font-size\">Last name, First name. Year. \u201eTitle\u201c. Publisher. Access date. URL.<\/p>\n\n\n\n<h5 class=\"wp-block-heading im_para has-medium-font-size\">Examples:<\/h5>\n\n\n\n<p class=\"im_para has-medium-font-size\">Colombo, Silvia. 2012. \u201cThe GCC Countries and the Arab Spring: Between Outreach, Patronage and Repression\u201d. Istituto Affari Internazionali. 25\/12\/2024. https:\/\/www.iai.it\/sites\/default\/files\/iaiwp1209.pdf.<\/p>\n\n\n\n<p class=\"im_para has-medium-font-size\">Novakovi\u0107, Igor., Jelena Kajganovi\u0107 i Sara Nik\u010devi\u0107. 2013. \u201eStudija prakti\u010dne politike, Srbija i Ma\u0111arska, politi\u010dke i ekonomske perspektive\u201c. Friedrich Ebert Stiftung i Centar za me\u0111unarodne i bezbednosne poslove. 04\/08\/2020. https:\/\/www.isac- fund.org\/download\/srb-hunSRP.pdf.<\/p>\n\n\n\n<h5 class=\"wp-block-heading im_para has-medium-font-size\">In text reference<\/h5>\n\n\n\n<p class=\"im_para has-medium-font-size\">(Colombo 2012).<br>(Novakovi\u0107, Kajganovi\u0107 i Nik\u010devi\u0107 2013).<\/p>\n\n\n\n<h3 class=\"wp-block-heading im_para has-medium-font-size\">II &#8211; Instructions for Writing Book and Conference Reviews<\/h3>\n\n\n\n<ol class=\"wp-block-list im_para has-medium-font-size\">\n<li>Book and conference reviews must not exceed 1,200 words (8,800 characters including spaces). Use Latin script, Times New Roman, font size 12, with page numbers in the bottom right corner. Paragraphs should be formatted with Justified alignment, Spacing After: 6pt, and Single line spacing.<\/li>\n\n\n\n<li>At the beginning of the review, provide the title (this is not the book or conference title, but the title given by the review author), followed by the bibliographic details of the book in accordance with previously specified rules, or for conferences, include the name of the conference, location, and date of the event.<\/li>\n\n\n\n<li>Book and conference reviews must include sources and full references in the bibliography (a minimum of 5), formatted in accordance with the previously outlined citation guidelines.<\/li>\n<\/ol>\n\n\n\n<h3 class=\"wp-block-heading im_para has-medium-font-size\">III \u2013 Instructions for Manuscript Submission<\/h3>\n\n\n\n<div class=\"wp-block-group is-layout-constrained wp-block-group-is-layout-constrained\">\n<ol class=\"wp-block-list\">\n<li class=\"im_para has-medium-font-size\">Confirm the submission of the manuscript.<\/li>\n\n\n\n<li class=\"im_para has-medium-font-size\">Complete the required registration on the journal\u2019s website by entering email and username, and verifying the confirmation email sent by the journal. After that, log into the website and set your account password.<\/li>\n\n\n\n<li class=\"im_para has-medium-font-size\">Fill out the required sections, including the corresponding author\u2019s contact details.<\/li>\n\n\n\n<li class=\"im_para has-medium-font-size\">Prepare two Word documents: The first document should include the title, authors\u2019 names, academic titles, institutional affiliation and location, and the email addresses and ORCID ID of all authors. The second document should contain the title, abstract (in both Serbian and English), keywords, and the manuscript text \u2014 without the authors\u2019 names. A third document is the completed author declaration form, downloaded from the journal\u2019s website.<\/li>\n<\/ol>\n<\/div>\n","protected":false},"excerpt":{"rendered":"<p>Instructions to authors Me\u0111unarodna politika is a quarterly journal published in April, September, and December each year. Submission deadlines are: For the first issue \u2013 February 15, for the second issue \u2013 May 15, for the third issue \u2013 August 15. The journal publishes articles in Serbian and English. The journal accepts peer-reviewed original research [&hellip;]<\/p>\n","protected":false},"author":1,"featured_media":0,"parent":0,"menu_order":0,"comment_status":"closed","ping_status":"closed","template":"","meta":{"_themeisle_gutenberg_block_has_review":false,"footnotes":""},"class_list":["post-1467","page","type-page","status-publish","hentry"],"blocksy_meta":{"styles_descriptor":{"styles":{"desktop":"","tablet":"","mobile":""},"google_fonts":[],"version":6}},"aioseo_notices":[],"_links":{"self":[{"href":"https:\/\/medjunarodnapolitika.rs\/en\/wp-json\/wp\/v2\/pages\/1467","targetHints":{"allow":["GET"]}}],"collection":[{"href":"https:\/\/medjunarodnapolitika.rs\/en\/wp-json\/wp\/v2\/pages"}],"about":[{"href":"https:\/\/medjunarodnapolitika.rs\/en\/wp-json\/wp\/v2\/types\/page"}],"author":[{"embeddable":true,"href":"https:\/\/medjunarodnapolitika.rs\/en\/wp-json\/wp\/v2\/users\/1"}],"replies":[{"embeddable":true,"href":"https:\/\/medjunarodnapolitika.rs\/en\/wp-json\/wp\/v2\/comments?post=1467"}],"version-history":[{"count":0,"href":"https:\/\/medjunarodnapolitika.rs\/en\/wp-json\/wp\/v2\/pages\/1467\/revisions"}],"wp:attachment":[{"href":"https:\/\/medjunarodnapolitika.rs\/en\/wp-json\/wp\/v2\/media?parent=1467"}],"curies":[{"name":"wp","href":"https:\/\/api.w.org\/{rel}","templated":true}]}}