{"id":554,"date":"2022-11-06T17:37:54","date_gmt":"2022-11-06T17:37:54","guid":{"rendered":"https:\/\/medjunarodnapolitika.rs\/editorial-team\/"},"modified":"2023-02-06T21:29:19","modified_gmt":"2023-02-06T21:29:19","slug":"editorial-team","status":"publish","type":"page","link":"https:\/\/medjunarodnapolitika.rs\/en\/editorial-team\/","title":{"rendered":"Editorial Team"},"content":{"rendered":"\n<h2 class=\"wp-block-heading\">Editorial Team<\/h2>\n\n<h3 class=\"wp-block-heading\">Editor-in-Chief<\/h3>\n\n<p class=\"has-medium-font-size\"><a href=\"https:\/\/www.diplomacy.bg.ac.rs\/en\/about-us\/researchers\/ana-jovic-lazic-ph-d\/\" title=\"\">Dr. Ana Jovi\u0107-Lazi\u0107<\/a><\/p>\n\n<p class=\"has-small-font-size\">Senior Research Fellow <\/p>\n\n<p>e-mail: <a href=\"mailto:anajovic@diplomacy.bg.ac.rs\" target=\"_blank\" rel=\"noreferrer noopener\">anajovic@diplomacy.bg.ac.rs<\/a><\/p>\n\n<h3 class=\"wp-block-heading\">Deputy Editor-in-Chief<\/h3>\n\n<p class=\"has-medium-font-size\"><a href=\"https:\/\/www.diplomacy.bg.ac.rs\/en\/about-us\/researchers\/sanja-jelisavac-trosic-ph-d\/\" title=\"\">Dr. Sanja Jelisavac Tro\u0161i\u0107<\/a><\/p>\n\n<p class=\"has-small-font-size\">Senior Research Fellow <\/p>\n\n<p>e-mail: <a title=\"\" href=\"mailto:sanja@diplomacy.bg.ac.rs\">sanja@diplomacy.bg.ac.rs<\/a><\/p>\n\n<h3 class=\"wp-block-heading\">Secretary<\/h3>\n\n<p class=\"has-medium-font-size\"><a href=\"https:\/\/www.diplomacy.bg.ac.rs\/en\/about-us\/researchers\/stefan-boskovic-ma\/\" title=\"\">Stefan Bo\u0161kovi\u0107, \u041c\u0410<\/a><\/p>\n\n<p class=\"has-small-font-size\">Research Assistant<\/p>\n\n<p>e-mail: <a title=\"\" href=\"mailto:stefan@diplomacy.bg.ac.rs\">stefan@diplomacy.bg.ac.rs<\/a><\/p>\n\n<h3 class=\"wp-block-heading\">Contact<\/h3>\n\n<p class=\"has-medium-font-size\"><a href=\"mailto:mp@diplomacy.bg.ac.rs\">mp@diplomacy.bg.ac.rs<\/a><\/p>\n","protected":false},"excerpt":{"rendered":"<p>Editorial Team Editor-in-Chief Dr. Ana Jovi\u0107-Lazi\u0107 Senior Research Fellow e-mail: anajovic@diplomacy.bg.ac.rs Deputy Editor-in-Chief Dr. Sanja Jelisavac Tro\u0161i\u0107 Senior Research Fellow e-mail: sanja@diplomacy.bg.ac.rs Secretary Stefan Bo\u0161kovi\u0107, \u041c\u0410 Research Assistant e-mail: stefan@diplomacy.bg.ac.rs Contact mp@diplomacy.bg.ac.rs<\/p>\n","protected":false},"author":1,"featured_media":0,"parent":0,"menu_order":0,"comment_status":"closed","ping_status":"closed","template":"","meta":{"_themeisle_gutenberg_block_has_review":false,"footnotes":""},"class_list":["post-554","page","type-page","status-publish","hentry"],"blocksy_meta":{"styles_descriptor":{"styles":{"desktop":"","tablet":"","mobile":""},"google_fonts":[],"version":6}},"aioseo_notices":[],"_links":{"self":[{"href":"https:\/\/medjunarodnapolitika.rs\/en\/wp-json\/wp\/v2\/pages\/554","targetHints":{"allow":["GET"]}}],"collection":[{"href":"https:\/\/medjunarodnapolitika.rs\/en\/wp-json\/wp\/v2\/pages"}],"about":[{"href":"https:\/\/medjunarodnapolitika.rs\/en\/wp-json\/wp\/v2\/types\/page"}],"author":[{"embeddable":true,"href":"https:\/\/medjunarodnapolitika.rs\/en\/wp-json\/wp\/v2\/users\/1"}],"replies":[{"embeddable":true,"href":"https:\/\/medjunarodnapolitika.rs\/en\/wp-json\/wp\/v2\/comments?post=554"}],"version-history":[{"count":0,"href":"https:\/\/medjunarodnapolitika.rs\/en\/wp-json\/wp\/v2\/pages\/554\/revisions"}],"wp:attachment":[{"href":"https:\/\/medjunarodnapolitika.rs\/en\/wp-json\/wp\/v2\/media?parent=554"}],"curies":[{"name":"wp","href":"https:\/\/api.w.org\/{rel}","templated":true}]}}