{"id":570,"date":"2022-11-06T18:15:54","date_gmt":"2022-11-06T18:15:54","guid":{"rendered":"https:\/\/medjunarodnapolitika.rs\/editorial-board\/"},"modified":"2025-02-26T14:15:11","modified_gmt":"2025-02-26T14:15:11","slug":"editorial-board","status":"publish","type":"page","link":"https:\/\/medjunarodnapolitika.rs\/en\/editorial-board\/","title":{"rendered":"Editorial Board"},"content":{"rendered":"\n<h3 class=\"wp-block-heading has-text-align-center\">Editorial Board<\/h3>\n\n<ul class=\"wp-block-list has-medium-font-size\">\n<li>Prof. dr Aleksandar Milo\u0161evi\u0107, Associate Professor, Faculty of Political Sciences, University of Belgrade, Serbia<\/li>\n\n\n\n<li>Prof. dr Artur Adamcik, Associate Professor, Center for Europe, University of Warsaw, Poland<\/li>\n\n\n\n<li>Prof. dr Beatriz Bissio, Associate Professor, Department of Political Science, Federal University of Rio de Janeiro, Brazil <\/li>\n\n\n\n<li>Prof. dr Birg\u00fcl Demirta\u015f, Full Professor, Department of Political Science and International Relations, Turkish-German University, Istanbul, T\u00fcrkiye<\/li>\n\n\n\n<li>Prof. dr Badar Alam Iqbal, Associate Professor, Monarch Business School, Monarch University, Zug, Switzerland<\/li>\n\n\n\n<li>Prof. dr Darina Grigorova, Full Professor, Faculty of History, Sofia University \u201cSt. Kliment Ohridski\u201d, Bulgaria <\/li>\n\n\n\n<li>Dr Du\u0161an Dostani\u0107, Research Associate, Institute for Political Studies, Belgrade, Serbia<\/li>\n\n\n\n<li>Prof. dr Zsuzsa Cs\u00e1sz\u00e1r, Associate Professor, Department of Political Geography, Development and Regional Studies, University of P\u00e9cs, Hungary<\/li>\n\n\n\n<li>Dr Ivan Duji\u0107, Research Associate, Institute of International Politics and Economics, Belgrade, Serbia<\/li>\n\n\n\n<li>Prof. dr Marko Babi\u0107, Associate Professor, Center for Europe, University of Warsaw, Poland<\/li>\n\n\n\n<li>Doc. dr Marko Da\u0161i\u0107, Assistant Professor, Faculty of Political Sciences, University of Belgrade, Serbia<\/li>\n\n\n\n<li>Dr Marko Kova\u010devi\u0107, Assistant Professor, Faculty of Political Sciences, University of Belgrade, Serbia<\/li>\n\n\n\n<li>Prof. dr Milo\u0161 Hrnjaz, Associate Professor, Faculty of Political Sciences, University of Belgrade, Serbia<\/li>\n\n\n\n<li>Prof. dr Miroslav Mladenovi\u0107, Full Professor, Faculty of Security, University of Belgrade, Serbia<\/li>\n\n\n\n<li>Prof. dr Nemanja D\u017euverovi\u0107, Full Professor, Faculty of Political Sciences, University of Belgrade, Serbia<\/li>\n\n\n\n<li>Prof. dr Olga Barbasiewicz, Associate Professor, Faculty of International and Political Studies, Jagiellonian University, Krakow, Poland<\/li>\n\n\n\n<li>Prof. dr Olga Shishkina, Associate Professor, Department of International Relations and Foreign Policy of Russia, Moscow State Institute of International Relations, Russia<\/li>\n\n\n\n<li>Prof. dr Petar Stanojevi\u0107, Full Professor, Faculty of Security, University of Belgrade, Serbia<\/li>\n\n\n\n<li>Prof. dr Rastislav Kazansk\u00fd, Associate Professor, Faculty of Political Science and International Relations, Matej Bel University, Bansk\u00e1 Bystrica, Slovakia<\/li>\n\n\n\n<li>Prof. dr Ruth Ferrero-Turrion, Associate Professor, Faculty of Political Sciences and Sociology, Complutense University of Madrid, Spain<\/li>\n\n\n\n<li>Prof. dr Sebastian St\u0119pie\u0144, Associate Professor, Department of Macroeconomics and Agricultural Economics, Pozna\u0144 University of Economics and Business, Poland<\/li>\n\n\n\n<li>Dr Stevan Gaji\u0107, Research Associate, Institute of European Studies, Belgrade, Serbia<\/li>\n\n\n\n<li>Doc. dr Stevan Nedeljkovi\u0107, Assistant Professor, Faculty of Political Sciences, University of Belgrade, Serbia<\/li>\n\n\n\n<li>Doc. dr Halil Emre Deni\u015f, Assistant Professor, Department for Political Sciences and International Relations, Hakkari University, T\u00fcrkiye<\/li>\n\n\n\n<li>Dr Hrvoje Butkovi\u0107, Senior Research Associate, Institute for Development and International Relations, Zagreb, Croatia<\/li>\n<\/ul>\n","protected":false},"excerpt":{"rendered":"<p>Editorial Board<\/p>\n","protected":false},"author":1,"featured_media":0,"parent":0,"menu_order":0,"comment_status":"closed","ping_status":"closed","template":"","meta":{"_themeisle_gutenberg_block_has_review":false,"footnotes":""},"class_list":["post-570","page","type-page","status-publish","hentry"],"blocksy_meta":{"styles_descriptor":{"styles":{"desktop":"","tablet":"","mobile":""},"google_fonts":[],"version":6}},"aioseo_notices":[],"_links":{"self":[{"href":"https:\/\/medjunarodnapolitika.rs\/en\/wp-json\/wp\/v2\/pages\/570","targetHints":{"allow":["GET"]}}],"collection":[{"href":"https:\/\/medjunarodnapolitika.rs\/en\/wp-json\/wp\/v2\/pages"}],"about":[{"href":"https:\/\/medjunarodnapolitika.rs\/en\/wp-json\/wp\/v2\/types\/page"}],"author":[{"embeddable":true,"href":"https:\/\/medjunarodnapolitika.rs\/en\/wp-json\/wp\/v2\/users\/1"}],"replies":[{"embeddable":true,"href":"https:\/\/medjunarodnapolitika.rs\/en\/wp-json\/wp\/v2\/comments?post=570"}],"version-history":[{"count":0,"href":"https:\/\/medjunarodnapolitika.rs\/en\/wp-json\/wp\/v2\/pages\/570\/revisions"}],"wp:attachment":[{"href":"https:\/\/medjunarodnapolitika.rs\/en\/wp-json\/wp\/v2\/media?parent=570"}],"curies":[{"name":"wp","href":"https:\/\/api.w.org\/{rel}","templated":true}]}}