{"id":582,"date":"2022-11-06T18:39:03","date_gmt":"2022-11-06T18:39:03","guid":{"rendered":"https:\/\/medjunarodnapolitika.rs\/publishing-council\/"},"modified":"2023-02-06T21:17:12","modified_gmt":"2023-02-06T21:17:12","slug":"publishing-council","status":"publish","type":"page","link":"https:\/\/medjunarodnapolitika.rs\/en\/publishing-council\/","title":{"rendered":"Publishing Council"},"content":{"rendered":"\n<h3 class=\"has-text-align-center wp-block-heading\">Publishing Council<\/h3>\n\n<ul class=\"has-medium-font-size wp-block-list\">\n<li>Prof. Ivo Viskovi\u0107, Full Professor, Faculty of Political Science, University of Belgrade, Serbia<\/li>\n\n\n\n<li>Prof. Alexis Troude, Full Professor, University of Versailles Saint-Quentin-en-Yvelines, Versailles, France<\/li>\n\n\n\n<li>Dr Biser Banchev, Research Fellow, Institute for Balkan Studies, Bulgarian Academy of Sciences, Sofia, Bulgaria<\/li>\n\n\n\n<li>Prof. Vasily Klavdievich Belozerov, Full Professor, Department of Political Science, Moscow State Linguistic University, Moscow, Russia<\/li>\n\n\n\n<li>Prof. Violeta Ra\u0161kovi\u0107-Talovi\u0107, Full Professor, Faculty of International Politics and Security Studies, University Union \u201cNikola Tesla\u201d, Belgrade, Serbia<\/li>\n\n\n\n<li>Dr. Dejan Stojkovi\u0107, Assistant Professor, University of Defense of the Republic of Serbia, Belgrade, Serbia<\/li>\n\n\n\n<li>Dr. Zolt\u00e1n Hajd\u00fa, Scientific Adviser, Hungarian Academy of Sciences, Centre for Economic and Regional Studies, ELKH Budapest<\/li>\n\n\n\n<li>Prof. Jovanka \u0160aranovi\u0107, Associate Professor, Institute for Strategic Research, Belgrade, Serbia<\/li>\n\n\n\n<li>Prof. Luka Brki\u0107, Full Professor, Faculty of Political Science, University of Zagreb, Croatia<\/li>\n\n\n\n<li>Prof. Marjan Gjurovski, Associate Professor, Faculty of Security Skopje, University \u201cSt. Kliment Ohridski\u201d, Northern Macedonia<\/li>\n\n\n\n<li>Dr. Miroslav Gli\u0161i\u0107, Assistant Professor, University of Defense of the Republic of Serbia, Belgrade, Serbia<\/li>\n\n\n\n<li>Prof. Tanja Mi\u0161\u010devi\u0107, Full Professor, Faculty of Political Science, University of Belgrade, Belgrade, Serbia<\/li>\n\n\n\n<li>Prof. Tian Dewen, Full Professor, Institute of European Studies, Chinese Academy of Social Sciences, Beijing, China<\/li>\n<\/ul>\n","protected":false},"excerpt":{"rendered":"<p>Publishing Council<\/p>\n","protected":false},"author":1,"featured_media":0,"parent":0,"menu_order":0,"comment_status":"closed","ping_status":"closed","template":"","meta":{"_themeisle_gutenberg_block_has_review":false,"footnotes":""},"class_list":["post-582","page","type-page","status-publish","hentry"],"blocksy_meta":{"styles_descriptor":{"styles":{"desktop":"","tablet":"","mobile":""},"google_fonts":[],"version":6}},"aioseo_notices":[],"_links":{"self":[{"href":"https:\/\/medjunarodnapolitika.rs\/en\/wp-json\/wp\/v2\/pages\/582","targetHints":{"allow":["GET"]}}],"collection":[{"href":"https:\/\/medjunarodnapolitika.rs\/en\/wp-json\/wp\/v2\/pages"}],"about":[{"href":"https:\/\/medjunarodnapolitika.rs\/en\/wp-json\/wp\/v2\/types\/page"}],"author":[{"embeddable":true,"href":"https:\/\/medjunarodnapolitika.rs\/en\/wp-json\/wp\/v2\/users\/1"}],"replies":[{"embeddable":true,"href":"https:\/\/medjunarodnapolitika.rs\/en\/wp-json\/wp\/v2\/comments?post=582"}],"version-history":[{"count":0,"href":"https:\/\/medjunarodnapolitika.rs\/en\/wp-json\/wp\/v2\/pages\/582\/revisions"}],"wp:attachment":[{"href":"https:\/\/medjunarodnapolitika.rs\/en\/wp-json\/wp\/v2\/media?parent=582"}],"curies":[{"name":"wp","href":"https:\/\/api.w.org\/{rel}","templated":true}]}}