{"id":673,"date":"2022-11-06T22:22:30","date_gmt":"2022-11-06T22:22:30","guid":{"rendered":"https:\/\/medjunarodnapolitika.rs\/reviewer-list\/"},"modified":"2024-06-25T13:43:58","modified_gmt":"2024-06-25T13:43:58","slug":"reviewer-list","status":"publish","type":"page","link":"https:\/\/medjunarodnapolitika.rs\/en\/reviewer-list\/","title":{"rendered":"Reviewer list"},"content":{"rendered":"\n<h2 class=\"has-text-align-center wp-block-heading\">Reviewer list<\/h2>\n\n<ul class=\"has-medium-font-size wp-block-list\">\n<li>Dr Aleksandar Gaji\u0107, Principal Research Fellow, Institute of European Studies, Belgrade<\/li>\n\n\n\n<li>Doc. dr Aleksandar Milo\u0161evi\u0107, Assistant Professor, Faculty of Political Sciences, University of Belgrade<\/li>\n\n\n\n<li>Dr An\u0111ela \u0110ukanovi\u0107, Research Associate, Institute of Criminological and Sociological Research, Belgrade &#13;\n<\/li>\n\n\n\n<li>Prof. dr Artur Adamcik, Associate Professor, Center for Europe, University of Warsaw, Poland<\/li>\n\n\n\n<li>Dr Biljana Gruji\u0107 Vu\u010dkovski, Research Associate, Institute of Agricultural Economics, Belgrade<\/li>\n\n\n\n<li>Prof. dr. Biljana Jovanovic\u0301 Gavrilovic\u0301, Full Professor, Faculty of Economics, University of Belgrade<\/li>\n\n\n\n<li>Dr Blagoje Babi\u0107, Principal Research Fellow, Serbian Academy of Sciences and Arts, Belgrade <\/li>\n\n\n\n<li>Prof. dr Vanja Bajovi\u0107, Associate Professor, Faculty of Law, University of Belgrade<\/li>\n\n\n\n<li>Prof. dr Vladan Pavlovi\u0107, Full Professor, Faculty of Economics, University of Pri\u0161tina with temporary seat in Kosovska Mitrovica<\/li>\n\n\n\n<li>Doc. dr Vladimir Ajzenhamer, Assistant Professor, Faculty of Security, University of Belgrade<\/li>\n\n\n\n<li>Prof. dr Vladimir Gre\u010di\u0107, Full Professor, Serbian Academy of Science and Arts, Belgrade <\/li>\n\n\n\n<li>Dr Vladimir Ristanovi\u0107, Research Associate, Institute of European Studies, Belgrade <\/li>\n\n\n\n<li>Prof. dr Gojko Rikalovi\u0107, Full Professor, Faculty of Economics, University of Belgrade<\/li>\n\n\n\n<li>Doc. dr Goran Tep\u0161i\u0107, Assistant Professor, Faculty of Political Sciences, University of Belgrade<\/li>\n\n\n\n<li>Prof. dr Dejan Molnar, Associate Professor, Faculty of Economics, University of Belgrade<\/li>\n\n\n\n<li>Prof. dr Dragan \u0110ukanovi\u0107, Full Professor, Faculty of Political Sciences, University of Belgrade<\/li>\n\n\n\n<li>Dr Dragan Trailovi\u0107, Research Associate, Institute for Political Studies, Belgrade<\/li>\n\n\n\n<li>Prof. dr Dragoljub Todi\u0107, Full Professor, Institute of International Politics and Economics, Belgrade <\/li>\n\n\n\n<li>Dr Du\u0161an Dostani\u0107, Research Associate, Institute for Political Studies, Belgrade<\/li>\n\n\n\n<li>Dr Dragica Lukovi\u0107 Jablanovi\u0107, Lecturer, College of Sports and Health, Belgrade<\/li>\n\n\n\n<li>Dr Edita Stoji\u0107-Karanovi\u0107, Principal Research Fellow, Institute International Politics and Economics, Belgrade<\/li>\n\n\n\n<li>Prof. dr Zoran Krsti\u0107, Full Professor, Faculty of Political Sciences, University of Belgrade<\/li>\n\n\n\n<li>Dr Igor Novakovi\u0107, Director of research, International and Security Affairs Centre, Belgrade<\/li>\n\n\n\n<li>Dr Jelena Kosti\u0107, Senior Research Associate, Institute of Comparative Law, Belgrade<\/li>\n\n\n\n<li>Prof. dr Jelena Lopi\u010di\u0107-Jan\u010di\u0107, Full Professor, Faculty of Diplomacy and Security, Belgrade<\/li>\n\n\n\n<li>Prof. dr Maja Kova\u010devi\u0107, Full Professor, Faculty of Political Sciences, University of Belgrade<\/li>\n\n\n\n<li>Prof. dr Maja Nasti\u0107, Full Professor, Faculty of Law, University of Ni\u0161<\/li>\n\n\n\n<li>Prof. dr Marijana Joksimovi\u0107, Full Professor, Faculty of Finance, Banking and Auditing, Alfa BK University, Belgrade<\/li>\n\n\n\n<li>Prof. dr Marko Babi\u0107, Associate Professor, Center for Europe, University of Warsaw, Poland<\/li>\n\n\n\n<li>Prof. dr Marko Vekovi\u0107, Associate Professor, Faculty of Political Sciences, University of Belgrade<\/li>\n\n\n\n<li>Dr. Marko Da\u0161i\u0107, Assistant Professor, Faculty of Political Science, University of Belgrade<\/li>\n\n\n\n<li>Dr. Marko Kova\u010devi\u0107, Assistant Professor, Faculty of Political Science, University of Belgrade<\/li>\n\n\n\n<li>Dr. Milan Igrutinovi\u0107, Research Fellow, Institute of European Studies, Belgrade <\/li>\n\n\n\n<li>Prof. dr Milan Lipovac, Associate Professor, Faculty of Security, University of Belgrade <\/li>\n\n\n\n<li>Doc. dr Milka Dimitrovska, Assistant Professor, Institute of Sociological, Political and Juridical Research, Ss. Cyril and Methodius University in Skopje, North Macedonia<\/li>\n\n\n\n<li>Dr Milorad Stamenovi\u0107, Research Associate, Inventis, Universit\u00e9 C\u00f4te d&#8217;Azur, France<\/li>\n\n\n\n<li>Dr Milo\u0161 Jon\u010di\u0107, Research Associate and Minister Advisor, Ministry of Foreign Affairs of the Republic of Serbia, Belgrade<\/li>\n\n\n\n<li>Prof. dr Milo\u0161 Hrnjaz, Associate Professor, Faculty of Political Sciences, University of Belgrade<\/li>\n\n\n\n<li>Dr. Mina Zirojevi\u0107, Senior Research Fellow, Institute of Comparative Law, Belgrade <\/li>\n\n\n\n<li>Prof. Miroljub Jevti\u0107, Full Professor, Faculty of Political Science, University of Belgrade<\/li>\n\n\n\n<li>Dr. Mi\u0161a \u0110urkovi\u0107, Scientific Adviser, Institute of European Studies, Belgrade <\/li>\n\n\n\n<li>Dr. Nada Radu\u0161ki, Scientific Adviser, Institute of Political Studies, Belgrade <\/li>\n\n\n\n<li>Prof. dr Nemanja D\u017euverovi\u0107, Full Professor, Faculty of Political Sciences, University of Belgrade<\/li>\n\n\n\n<li>Dr Rajko Petrovi\u0107, Research Associate, Institute of European Studies, Belgrade<\/li>\n\n\n\n<li>Dr Sanja Stojkovi\u0107 Zlatanovi\u0107, Senior Research Associate, Institute of Social Sciences, Belgrade<\/li>\n\n\n\n<li>Dr Senada \u0160elo \u0160abi\u0107, Senior Research Associate, Institute for Development and International Relations, Zagreb, Croatia<\/li>\n\n\n\n<li>Prof. dr Sini\u0161a Atlagi\u0107, Full Professor, Faculty of Political Sciences, University of Belgrade<\/li>\n\n\n\n<li>Prof. dr Slobodan Kotlica, Full Professor, Board for Economic Sciences, Serbian Academy of Sciences and Arts, Belgrade<\/li>\n\n\n\n<li>Dr Sre\u0107ko \u0110uki\u0107, Ambassador (retired), Forum for International Relations, European Movement in Serbia, Belgrade<\/li>\n\n\n\n<li>Doc. dr Stevan Nedeljkovi\u0107, Assistant Professor, Faculty of Political Sciences, University of Belgrade<\/li>\n\n\n\n<li>Dr Stevan Rapai\u0107, Senior Research Associate, Institute for Political Studies, Belgrade<\/li>\n\n\n\n<li>Doc. dr Suzana Balaban, Assistant Professor, Faculty of Finance, Banking and Auditing, Alfa BK University, Belgrade<\/li>\n\n\n\n<li>Doc. dr Stefan Surli\u0107, Assistant Professor, Faculty of Political Sciences, University of Belgrade<\/li>\n\n\n\n<li>Dr. Uro\u0161 \u0106emalovi\u0107, Senior Research Fellow, Institute of European Studies, Belgrade<\/li>\n\n\n\n<li>Prof. dr Filip Ejdus, Full Professor, Faculty of Political Sciences, University of Belgrade<\/li>\n<\/ul>\n","protected":false},"excerpt":{"rendered":"<p>Reviewer list<\/p>\n","protected":false},"author":1,"featured_media":0,"parent":0,"menu_order":0,"comment_status":"closed","ping_status":"closed","template":"","meta":{"_themeisle_gutenberg_block_has_review":false,"footnotes":""},"class_list":["post-673","page","type-page","status-publish","hentry"],"blocksy_meta":{"styles_descriptor":{"styles":{"desktop":"","tablet":"","mobile":""},"google_fonts":[],"version":6}},"aioseo_notices":[],"_links":{"self":[{"href":"https:\/\/medjunarodnapolitika.rs\/en\/wp-json\/wp\/v2\/pages\/673","targetHints":{"allow":["GET"]}}],"collection":[{"href":"https:\/\/medjunarodnapolitika.rs\/en\/wp-json\/wp\/v2\/pages"}],"about":[{"href":"https:\/\/medjunarodnapolitika.rs\/en\/wp-json\/wp\/v2\/types\/page"}],"author":[{"embeddable":true,"href":"https:\/\/medjunarodnapolitika.rs\/en\/wp-json\/wp\/v2\/users\/1"}],"replies":[{"embeddable":true,"href":"https:\/\/medjunarodnapolitika.rs\/en\/wp-json\/wp\/v2\/comments?post=673"}],"version-history":[{"count":0,"href":"https:\/\/medjunarodnapolitika.rs\/en\/wp-json\/wp\/v2\/pages\/673\/revisions"}],"wp:attachment":[{"href":"https:\/\/medjunarodnapolitika.rs\/en\/wp-json\/wp\/v2\/media?parent=673"}],"curies":[{"name":"wp","href":"https:\/\/api.w.org\/{rel}","templated":true}]}}